{"id":627,"date":"2021-11-08T13:26:17","date_gmt":"2021-11-08T13:26:17","guid":{"rendered":"http:\/\/tesa-cork.com\/?page_id=627"},"modified":"2021-11-22T15:35:00","modified_gmt":"2021-11-22T15:35:00","slug":"politica-de-cookies","status":"publish","type":"page","link":"https:\/\/tesa-cork.com\/es\/politica-de-cookies\/","title":{"rendered":"Pol\u00edtica de Cookies"},"content":{"rendered":"\n<p><strong>\u00bfQu\u00e9 son las <em>cookies<\/em>?<\/strong><\/p>\n\n\n\n<p>Las <em>cookies<\/em> son peque\u00f1os archivos que se utilizan para almacenar determinada informaci\u00f3n que el usuario proporciona mientras navega por nuestro sitio web. Las <em>cookies<\/em> se almacenan autom\u00e1ticamente en el dispositivo del usuario mientras navega. Sin embargo, en cualquier momento puede desactivarlas desde su navegador.<\/p>\n\n\n\n<p><strong>\u00bfPara qu\u00e9 se utilizan?<\/strong><\/p>\n\n\n\n<p>Este sitio web utiliza <em>cookies<\/em> propias y de terceros para mejorar su rendimiento.<\/p>\n\n\n\n<p>Las <em>cookies<\/em> propias son las que se generan desde la propia la p\u00e1gina web. Las <em>cookies<\/em> de terceros, por su parte, son las que generan otras entidades que tratan los datos obtenidos a trav\u00e9s de las <em>cookies<\/em>.<\/p>\n\n\n\n<p>A continuaci\u00f3n presentamos las <em>cookies<\/em> que se utilizan en <a href=\"http:\/\/tesa-cork.com\">tesa-cork.com<\/a>:<\/p>\n\n\n\n<p><strong><em>Cookies<\/em> t\u00e9cnicas que permiten al usuario navegar por la p\u00e1gina:<\/strong><\/p>\n\n\n\n<figure class=\"wp-block-table is-style-regular\"><table><thead><tr><th><meta charset=\"utf-8\">Nombre de la <em>cookie<\/em><\/th><th><meta charset=\"utf-8\">Duraci\u00f3n predeterminada<\/th><th><meta charset=\"utf-8\">Descripci\u00f3n<\/th><\/tr><\/thead><tbody><tr><td>__utma<\/td><td>Dos a\u00f1os a partir de la configuraci\u00f3n o actualizaci\u00f3n<\/td><td>Se usa para distinguir usuarios y sesiones. La <em>cookie<\/em> se crea cuando se ejecuta la biblioteca de JavaScript ga.js y no hay ninguna <em>cookie<\/em> __utma. La <em>cookie<\/em> se actualiza cada vez que se env\u00edan datos a Google Analytics.<\/td><\/tr><tr><td>__utmb<\/td><td>30 minutos a partir de la configuraci\u00f3n o actualizaci\u00f3n<\/td><td>Se utiliza para determinar nuevas sesiones o visitas. La <em>cookie<\/em> se crea cuando se ejecuta la biblioteca de JavaScript ga.js y no hay ninguna <em>cookie<\/em> __utmb. La <em>cookie<\/em> se actualiza cada vez que se env\u00edan datos a Google Analytics.<\/td><\/tr><tr><td>__utmc<\/td><td>Final de la sesi\u00f3n en el navegador<\/td><td>No se usa en ga.js. Se configura por motivos de interoperabilidad con urchin.js. Anteriormente, esta <em>cookie<\/em> actuaba junto con la <em>cookie<\/em> __utmb para determinar si el usuario estaba en una nueva sesi\u00f3n o visita.<\/td><\/tr><tr><td>__utmz<\/td><td>Seis meses a partir de la configuraci\u00f3n o actualizaci\u00f3n<\/td><td>Almacena la fuente de tr\u00e1fico o la campa\u00f1a que explica c\u00f3mo ha llegado al usuario al sitio web. La <em>cookie<\/em> se crea cuando se ejecuta la biblioteca de JavaScript ga.js y se actualiza cada vez que se env\u00edan datos a Google Analytics.<\/td><\/tr><tr><td>__hs_opt_out<\/td><td>13 meses&nbsp;<\/td><td>Se usa para recordar la pol\u00edtica de privacidad y no solicitar nuevamente al usuario que acepte las <em>cookies<\/em>.&nbsp;<\/td><\/tr><tr><td><\/td><td><\/td><td><\/td><\/tr><tr><td>__hs_do_not_track<\/td><td>13 meses<\/td><td>Se usa para evitar que el c\u00f3digo de seguimiento env\u00ede informaci\u00f3n a Hubspot.&nbsp;<\/td><\/tr><tr><td>__hs_initial_opt_in<\/td><td>Siete d\u00edas<\/td><td>Se usa para evitar que el <em>banner<\/em> se muestre cuando los visitantes navegan en modo estricto.<\/td><\/tr><tr><td>__hs_cookie_cat_pref<\/td><td>13 meses<\/td><td>Se usa para registrar las categor\u00edas de <em>cookies<\/em> que consiente el visitante.<\/td><\/tr><tr><td>hs_ab_test<\/td><td>Final de la sesi\u00f3n en el navegador<\/td><td>Se usa para proporcionar la misma versi\u00f3n de una p\u00e1gina que los usuarios han visto antes.&nbsp;<\/td><\/tr><tr><td>&lt;id&gt;_key<\/td><td>14 d\u00edas<\/td><td>Se usa para recordar la contrase\u00f1a indicada cuando la p\u00e1gina est\u00e1 protegida por contrase\u00f1a y se utiliza el mismo navegador.&nbsp;<\/td><\/tr><tr><td>hs-messages-is-open<\/td><td>30 minutos<\/td><td>Se usa para determinar y guardar si el <em>widget<\/em> de chat est\u00e1 abierto para futuras visitas.<\/td><\/tr><tr><td>hs-messages-hide-welcome-message<\/td><td>Un d\u00eda<\/td><td>Se usa para evitar que el <em>widget<\/em> de chat aparezca de nuevo tras haberlo desactivado.<\/td><\/tr><tr><td>__hsmem<\/td><td>Un a\u00f1o<\/td><td>Se usa cuando los visitantes inician sesi\u00f3n en un dominio alojado en Hubspot. Identifica al usuario cuando inicia sesi\u00f3n.<\/td><\/tr><tr><td>hs-membership-csrf<\/td><td>Expira al final de la sesi\u00f3n.<\/td><td>Se usa para garantizar que los inicios de sesi\u00f3n protegidos no se puedan forzar.<\/td><\/tr><tr><td>hs_langswitcher_choice<\/td><td>Dos a\u00f1os<\/td><td>Se usa para guardar las preferencias de idioma.<\/td><\/tr><tr><td>__cfruid<\/td><td>Expira al final de la sesi\u00f3n<\/td><td>La configura el proveedor de CDN de Hubspot para las pol\u00edticas de limitaci\u00f3n de velocidad.&nbsp;<\/td><\/tr><\/tbody><\/table><\/figure>\n\n\n\n<p><\/p>\n\n\n\n<p><em>Cookies<strong> de personalizaci\u00f3n para recordar las preferencias del usuario:<\/strong><\/em><\/p>\n\n\n\n<figure class=\"wp-block-table\"><table><thead><tr><th><meta charset=\"utf-8\">Nombre de la <em>cookie<\/em><\/th><th><meta charset=\"utf-8\">Duraci\u00f3n predeterminada<\/th><th><meta charset=\"utf-8\">Descripci\u00f3n<\/th><\/tr><\/thead><tbody><tr><td>__utmv<\/td><td>Dos a\u00f1os a partir de la configuraci\u00f3n o actualizaci\u00f3n<\/td><td>Se usa para almacenar datos de variables personalizadas de visitante. Estas <em>cookies<\/em> se crean cuando un desarrollador utiliza el m\u00e9todo _setCustomVar con una variable personalizada de visitante. Tambi\u00e9n se usaba para el m\u00e9todo _setVar, que ya no est\u00e1 disponible. La <em>cookie<\/em> se actualiza cada vez que se env\u00edan datos a Google Analytics.<\/td><\/tr><tr><td>messagesUtk<\/td><td>13 meses<\/td><td>Se usa para reconocer a los visitantes que chatean con la herramienta <em>chatflows<\/em>.<\/td><\/tr><\/tbody><\/table><\/figure>\n\n\n\n<p><\/p>\n\n\n\n<p><em><strong>Cookies anal\u00edticas que permiten realizar un seguimiento y un an\u00e1lisis del comportamiento de los usuarios en el sitio web:<\/strong><\/em><\/p>\n\n\n\n<figure class=\"wp-block-table\"><table><thead><tr><th><meta charset=\"utf-8\">Nombre de la <em>cookie<\/em><\/th><th><meta charset=\"utf-8\">Duraci\u00f3n predeterminada<\/th><th><meta charset=\"utf-8\">Descripci\u00f3n<\/th><\/tr><\/thead><tbody><tr><td>__hstc<\/td><td>13 meses<\/td><td>Se usa para el seguimiento de los visitantes y delimita la primera y la \u00faltima visita y el n\u00famero de sesiones.<\/td><\/tr><tr><td>hubspotutk<\/td><td>13 meses<\/td><td>Esta <em>cookie<\/em> se usa para hacer un seguimiento de la identidad del visitante. Se pasa a Hubspot en el env\u00edo de formularios.&nbsp;<\/td><\/tr><tr><td>__hssc<\/td><td>30 minutos<\/td><td>Se usa para hacer un seguimiento de las sesiones<\/td><\/tr><tr><td>__hssrc<\/td><td>Expira al final de la sesi\u00f3n<\/td><td>Se usa para determinar si el visitante ha reiniciado el navegador y si se considera una nueva sesi\u00f3n.&nbsp;<\/td><\/tr><\/tbody><\/table><\/figure>\n\n\n\n<p><\/p>\n\n\n\n<p><strong>\u00bfC\u00f3mo se obtiene el consentimiento para el uso de <em>cookies<\/em> en este sitio web?<\/strong><\/p>\n\n\n\n<p>Con arreglo a la legislaci\u00f3n en vigor, debemos solicitar permiso a los usuarios para gestionar las <em>cookies<\/em>.<\/p>\n\n\n\n<p>Se considerar\u00e1 que el usuario acepta la instalaci\u00f3n autom\u00e1tica de <em>cookies<\/em> cuando selecciona la casilla relativa a la aceptaci\u00f3n de la \u00abPol\u00edtica de cookies\u00bb que aparece en la ventana emergente de nuestro sitio web o si contin\u00faa navegando por la p\u00e1gina sin haberlas rechazado.<\/p>\n\n\n\n<p><strong>\u00bfQui\u00e9n puede acceder a la informaci\u00f3n almacenada en las <\/strong><strong><em>cookies<\/em><\/strong><strong>?<\/strong><\/p>\n\n\n\n<p>La informaci\u00f3n almacenada en las <em>cookies<\/em> de nuestro sitio web la utilizan exclusivamente TAPONES Y ESPECIALIDADES DEL CORCHO, SA y aquellas entidades externas titulares de las <em>cookies<\/em> de terceros que utilizamos en nuestra web para mejorar los servicios detallados anteriormente.<\/p>\n\n\n\n<p><strong>\u00bfC\u00f3mo evitar el uso de <\/strong><strong><em>cookies<\/em><\/strong><strong> en este sitio web?<\/strong><\/p>\n\n\n\n<p>Si desea evitar el uso de <em>cookies<\/em> al visitar esta web, el usuario puede desactivar o bloquear el uso de <em>cookies<\/em> desde el apartado de configuraci\u00f3n de su navegador. Posteriormente, puede eliminar las <em>cookies<\/em> vinculadas a este sitio web que se hayan guardado en el navegador.&nbsp;<\/p>\n\n\n\n<p>Las <em>cookies<\/em> se almacenan, eliminan y desactivan en el navegador.<\/p>\n\n\n\n<p>No obstante, en algunos casos es necesario instalar <em>cookies<\/em> para que el navegador no olvide la decisi\u00f3n de no aceptarlas.<\/p>\n\n\n\n<p><strong>\u00bfC\u00f3mo se retira el consentimiento para el uso de <\/strong><strong><em>cookies<\/em><\/strong><strong>?<\/strong><\/p>\n\n\n\n<p>Si desea retirar su consentimiento para el uso de<em> cookies<\/em> y\/o ejercer sus derechos de acceso, rectificaci\u00f3n, supresi\u00f3n, portabilidad, limitaci\u00f3n del tratamiento y\/u oposici\u00f3n al tratamiento de sus datos de car\u00e1cter personal, puede dirigirse a nuestro delegado de protecci\u00f3n de datos por correo electr\u00f3nico: <strong><a href=\"mailto:info@tesa-cork.com\">inf<\/a><\/strong><a href=\"mailto:info@tesa-cork.com\">o@tesa-cork.com<\/a> o correo postal: C\/ Del Gas, 5, CP 17200, Palafrugell.&nbsp;<\/p>\n\n\n\n<p>La finalidad de la presente pol\u00edtica de <em>cookies<\/em> es informar a los usuarios de manera clara y precisa sobre las <em>cookies<\/em> que se utilizan en el sitio web tesa-cork.com. Si desea m\u00e1s informaci\u00f3n sobre el uso de las <em>cookies<\/em>, puede escribirnos a: <a href=\"mailto:info@tesa-cork.com\">info@tesa-cork.com<\/a>.<\/p>\n","protected":false},"excerpt":{"rendered":"<p>\u00bfQu\u00e9 son las cookies? Las cookies son peque\u00f1os archivos que se utilizan para almacenar determinada informaci\u00f3n que el usuario proporciona mientras navega por nuestro sitio web. Las cookies se almacenan autom\u00e1ticamente en el dispositivo del usuario mientras navega. Sin embargo, en cualquier momento puede desactivarlas desde su navegador. \u00bfPara qu\u00e9 se utilizan? Este sitio web [&hellip;]<\/p>\n","protected":false},"author":1,"featured_media":0,"parent":0,"menu_order":0,"comment_status":"closed","ping_status":"closed","template":"","meta":{"footnotes":""},"class_list":["post-627","page","type-page","status-publish","hentry"],"acf":[],"yoast_head":"<!-- This site is optimized with the Yoast SEO plugin v19.9 - https:\/\/yoast.com\/wordpress\/plugins\/seo\/ -->\n<title>Pol\u00edtica de cookies | TESA<\/title>\n<meta name=\"description\" content=\"P\u00e1gina TESA sobre nuestra pol\u00edtica de cookies.\" \/>\n<meta name=\"robots\" content=\"index, follow, max-snippet:-1, max-image-preview:large, max-video-preview:-1\" \/>\n<link rel=\"canonical\" href=\"https:\/\/tesa-cork.com\/politica-de-cookies\/\" \/>\n<meta property=\"og:locale\" content=\"es_ES\" \/>\n<meta property=\"og:type\" content=\"article\" \/>\n<meta property=\"og:title\" content=\"Pol\u00edtica de cookies | TESA\" \/>\n<meta property=\"og:description\" content=\"P\u00e1gina TESA sobre nuestra pol\u00edtica de cookies.\" \/>\n<meta property=\"og:url\" content=\"https:\/\/tesa-cork.com\/politica-de-cookies\/\" \/>\n<meta property=\"og:site_name\" content=\"Tesa Cork\" \/>\n<meta property=\"article:modified_time\" content=\"2021-11-22T15:35:00+00:00\" \/>\n<meta name=\"twitter:card\" content=\"summary_large_image\" \/>\n<meta name=\"twitter:label1\" content=\"Tiempo de lectura\" \/>\n\t<meta name=\"twitter:data1\" content=\"5 minutos\" \/>\n<script type=\"application\/ld+json\" class=\"yoast-schema-graph\">{\"@context\":\"https:\/\/schema.org\",\"@graph\":[{\"@type\":\"WebPage\",\"@id\":\"https:\/\/tesa-cork.com\/politica-de-cookies\/\",\"url\":\"https:\/\/tesa-cork.com\/politica-de-cookies\/\",\"name\":\"Pol\u00edtica de cookies | TESA\",\"isPartOf\":{\"@id\":\"https:\/\/tesa-cork.com\/#website\"},\"datePublished\":\"2021-11-08T13:26:17+00:00\",\"dateModified\":\"2021-11-22T15:35:00+00:00\",\"description\":\"P\u00e1gina TESA sobre nuestra pol\u00edtica de cookies.\",\"breadcrumb\":{\"@id\":\"https:\/\/tesa-cork.com\/politica-de-cookies\/#breadcrumb\"},\"inLanguage\":\"es\",\"potentialAction\":[{\"@type\":\"ReadAction\",\"target\":[\"https:\/\/tesa-cork.com\/politica-de-cookies\/\"]}]},{\"@type\":\"BreadcrumbList\",\"@id\":\"https:\/\/tesa-cork.com\/politica-de-cookies\/#breadcrumb\",\"itemListElement\":[{\"@type\":\"ListItem\",\"position\":1,\"name\":\"Portada\",\"item\":\"https:\/\/tesa-cork.com\/es\/\"},{\"@type\":\"ListItem\",\"position\":2,\"name\":\"Pol\u00edtica de Cookies\"}]},{\"@type\":\"WebSite\",\"@id\":\"https:\/\/tesa-cork.com\/#website\",\"url\":\"https:\/\/tesa-cork.com\/\",\"name\":\"Tesa Cork\",\"description\":\"\",\"potentialAction\":[{\"@type\":\"SearchAction\",\"target\":{\"@type\":\"EntryPoint\",\"urlTemplate\":\"https:\/\/tesa-cork.com\/?s={search_term_string}\"},\"query-input\":\"required name=search_term_string\"}],\"inLanguage\":\"es\"}]}<\/script>\n<!-- \/ Yoast SEO plugin. -->","yoast_head_json":{"title":"Pol\u00edtica de cookies | TESA","description":"P\u00e1gina TESA sobre nuestra pol\u00edtica de cookies.","robots":{"index":"index","follow":"follow","max-snippet":"max-snippet:-1","max-image-preview":"max-image-preview:large","max-video-preview":"max-video-preview:-1"},"canonical":"https:\/\/tesa-cork.com\/politica-de-cookies\/","og_locale":"es_ES","og_type":"article","og_title":"Pol\u00edtica de cookies | TESA","og_description":"P\u00e1gina TESA sobre nuestra pol\u00edtica de cookies.","og_url":"https:\/\/tesa-cork.com\/politica-de-cookies\/","og_site_name":"Tesa Cork","article_modified_time":"2021-11-22T15:35:00+00:00","twitter_card":"summary_large_image","twitter_misc":{"Tiempo de lectura":"5 minutos"},"schema":{"@context":"https:\/\/schema.org","@graph":[{"@type":"WebPage","@id":"https:\/\/tesa-cork.com\/politica-de-cookies\/","url":"https:\/\/tesa-cork.com\/politica-de-cookies\/","name":"Pol\u00edtica de cookies | TESA","isPartOf":{"@id":"https:\/\/tesa-cork.com\/#website"},"datePublished":"2021-11-08T13:26:17+00:00","dateModified":"2021-11-22T15:35:00+00:00","description":"P\u00e1gina TESA sobre nuestra pol\u00edtica de cookies.","breadcrumb":{"@id":"https:\/\/tesa-cork.com\/politica-de-cookies\/#breadcrumb"},"inLanguage":"es","potentialAction":[{"@type":"ReadAction","target":["https:\/\/tesa-cork.com\/politica-de-cookies\/"]}]},{"@type":"BreadcrumbList","@id":"https:\/\/tesa-cork.com\/politica-de-cookies\/#breadcrumb","itemListElement":[{"@type":"ListItem","position":1,"name":"Portada","item":"https:\/\/tesa-cork.com\/es\/"},{"@type":"ListItem","position":2,"name":"Pol\u00edtica de Cookies"}]},{"@type":"WebSite","@id":"https:\/\/tesa-cork.com\/#website","url":"https:\/\/tesa-cork.com\/","name":"Tesa Cork","description":"","potentialAction":[{"@type":"SearchAction","target":{"@type":"EntryPoint","urlTemplate":"https:\/\/tesa-cork.com\/?s={search_term_string}"},"query-input":"required name=search_term_string"}],"inLanguage":"es"}]}},"_links":{"self":[{"href":"https:\/\/tesa-cork.com\/es\/wp-json\/wp\/v2\/pages\/627","targetHints":{"allow":["GET"]}}],"collection":[{"href":"https:\/\/tesa-cork.com\/es\/wp-json\/wp\/v2\/pages"}],"about":[{"href":"https:\/\/tesa-cork.com\/es\/wp-json\/wp\/v2\/types\/page"}],"author":[{"embeddable":true,"href":"https:\/\/tesa-cork.com\/es\/wp-json\/wp\/v2\/users\/1"}],"replies":[{"embeddable":true,"href":"https:\/\/tesa-cork.com\/es\/wp-json\/wp\/v2\/comments?post=627"}],"version-history":[{"count":7,"href":"https:\/\/tesa-cork.com\/es\/wp-json\/wp\/v2\/pages\/627\/revisions"}],"predecessor-version":[{"id":942,"href":"https:\/\/tesa-cork.com\/es\/wp-json\/wp\/v2\/pages\/627\/revisions\/942"}],"wp:attachment":[{"href":"https:\/\/tesa-cork.com\/es\/wp-json\/wp\/v2\/media?parent=627"}],"curies":[{"name":"wp","href":"https:\/\/api.w.org\/{rel}","templated":true}]}}