{"id":834,"date":"2021-11-22T11:30:46","date_gmt":"2021-11-22T11:30:46","guid":{"rendered":"http:\/\/tesa-cork.com\/?page_id=834"},"modified":"2021-11-22T11:30:49","modified_gmt":"2021-11-22T11:30:49","slug":"aviso-legal","status":"publish","type":"page","link":"https:\/\/tesa-cork.com\/es\/aviso-legal\/","title":{"rendered":"Aviso legal"},"content":{"rendered":"\n<p>En cumplimiento del deber de informaci\u00f3n contemplado en el art\u00edculo 10 de la Ley 34\/2002, de 11 de julio, de servicios de la sociedad de la informaci\u00f3n y de comercio electr\u00f3nico, se informa de los datos identificativos de la p\u00e1gina web tesa-cork.com y de las condiciones generales que regulan su acceso y uso general por parte de los usuarios.<\/p>\n\n\n\n<p>De esta manera, el acceso y el uso de esta p\u00e1gina web implican necesariamente la aceptaci\u00f3n de estas condiciones.&nbsp;<\/p>\n\n\n\n<p><strong>Titular de la web<\/strong><\/p>\n\n\n\n<p>Raz\u00f3n social: TAPONES Y ESPECIALIDADES DEL CORCHO, SA<\/p>\n\n\n\n<p>NIF: A 17004805<\/p>\n\n\n\n<p>Domicilio: C\/ Del Gas, 20 17200- Palafrugell<\/p>\n\n\n\n<p>Tel.: 972306026<\/p>\n\n\n\n<p>Correo electr\u00f3nico: <a href=\"mailto:info@tesa-cork.com\">info@tesa-cork.com<\/a><\/p>\n\n\n\n<p>Datos del registro: TAPONES Y ESPECIALIDADES DEL CORCHO, SA es una sociedad mercantil constituida por tiempo indefinido mediante escritura p\u00fablica con fecha del 10 de enero de 1958, inscrita al Registro Mercantil de Girona, tomo 88, folio 162, hoja n\u00famero GI 1594.<\/p>\n\n\n\n<p><strong>Condiciones de uso<\/strong><\/p>\n\n\n\n<p>Esta p\u00e1gina web se ha creado y dise\u00f1ado para dar a conocer a la empresa y sus productos.&nbsp;<\/p>\n\n\n\n<p>TAPONES Y ESPECIALIDADES DEL CORCHO, SA no garantiza que todo el contenido y la informaci\u00f3n de la p\u00e1gina web est\u00e9n actualizados y accesibles en todo momento. TAPONES Y ESPECIALIDADES DEL CORCHO, SA se reserva el derecho de modificar el contenido de la p\u00e1gina web o de eliminarlo y de interrumpir el servicio de manera temporal o definitiva sin previo aviso.&nbsp;<\/p>\n\n\n\n<p>El usuario adquiere el compromiso de utilizar la web y su contenido de manera correcta y l\u00edcita y de respetar en todo momento las condiciones expuestas.&nbsp;<\/p>\n\n\n\n<p>TAPONES Y ESPECIALIDADES DEL CORCHO, SA se reserva el derecho de exigir responsabilidades a cualquier persona f\u00edsica y\/o jur\u00eddica que deriven del incumplimiento de las condiciones generales de acceso a la web.&nbsp;<\/p>\n\n\n\n<p><strong>Propiedad intelectual<\/strong><\/p>\n\n\n\n<p>Todo el contenido, dise\u00f1o gr\u00e1fico, im\u00e1genes, v\u00eddeos, marcas, signos distintivos, informaci\u00f3n, etc. que integran esta p\u00e1gina web son propiedad de TAPONES Y ESPECIALIDADES DEL CORCHO, SA. Por este motivo, se proh\u00edbe expresamente el uso o la reproducci\u00f3n de estos contenidos por parte de cualquier usuario de la web que no disponga de una autorizaci\u00f3n expresa de TAPONES Y ESPECIALIDADES DEL CORCHO, SA.<\/p>\n\n\n\n<p><strong>Pol\u00edtica de privacidad<\/strong><\/p>\n\n\n\n<p>Esta empresa ha aplicado las medidas de seguridad t\u00e9cnicas y organizativas necesarias para garantizar la confidencialidad y la integridad de los datos de car\u00e1cter personal que se tratan y se facilitan a trav\u00e9s de esta web en cumplimiento de las disposiciones y normativas del Reglamento UE 2016\/679 relativo a la protecci\u00f3n de las personas f\u00edsicas en lo que respecta al tratamiento de datos personales y a la libre circulaci\u00f3n de estos datos y a la Ley Org\u00e1nica 3\/2018, de 5 de diciembre, de Protecci\u00f3n de Datos Personales y garant\u00eda de los derechos digitales.<\/p>\n\n\n\n<p>Los usuarios no est\u00e1n obligados a facilitar ning\u00fan dato personal para visitar la web y acceder a su contenido.&nbsp;<\/p>\n\n\n\n<p>No obstante, los datos de car\u00e1cter personal que se puedan solicitar puntualmente en alg\u00fan formulario para solicitar informaci\u00f3n se incorporar\u00e1n a un archivo del que la empresa ser\u00e1 responsable siempre y cuando el usuario haya emitido su consentimiento expreso e inequ\u00edvoco. En cualquier caso, estos datos solo se tratar\u00e1n para tramitar la solicitud formulada por el usuario, para mantener la relaci\u00f3n que se pueda establecer y para la gesti\u00f3n informativa y administrativa de dicha contrataci\u00f3n.&nbsp;<\/p>\n\n\n\n<p>Esta p\u00e1gina puede contener <em>cookies<\/em> propias o de terceros para mejorar la experiencia de navegaci\u00f3n que, en cualquier caso, respetar\u00e1n la privacidad.&nbsp;<\/p>\n\n\n\n<p>El usuario de la p\u00e1gina tiene derecho a ejercer en todo momento sus derechos de acceso, rectificaci\u00f3n, limitaci\u00f3n del tratamiento, supresi\u00f3n, portabilidad y oposici\u00f3n al tratamiento de sus datos de car\u00e1cter personal que tratamos en nuestra empresa, as\u00ed como a retirar el consentimiento para el tratamiento de sus datos. Para ello, puede enviar una solicitud por correo electr\u00f3nico a: <a href=\"mailto:info@tesa-cork.com\">info@tesa-cork.com<\/a> o correo postal:<strong> C\/ Del Gas, 20, CP 17200, Palafrugell<\/strong>.<\/p>\n\n\n\n<p><strong>Resoluci\u00f3n de conflictos<\/strong><\/p>\n\n\n\n<p>Los conflictos derivados del uso de esta p\u00e1gina web se regir\u00e1n por el derecho estatal y auton\u00f3mico y se resolver\u00e1n en los juzgados de la ciudad de la Bisbal de l&#8217;Empord\u00e0 con independencia de la jurisdicci\u00f3n territorial desde la que se efect\u00fae el acceso a la web. El usuario renuncia a cualquier otro fuero que pudiera corresponderle.<\/p>\n","protected":false},"excerpt":{"rendered":"<p>En cumplimiento del deber de informaci\u00f3n contemplado en el art\u00edculo 10 de la Ley 34\/2002, de 11 de julio, de servicios de la sociedad de la informaci\u00f3n y de comercio electr\u00f3nico, se informa de los datos identificativos de la p\u00e1gina web tesa-cork.com y de las condiciones generales que regulan su acceso y uso general por [&hellip;]<\/p>\n","protected":false},"author":1,"featured_media":0,"parent":0,"menu_order":0,"comment_status":"closed","ping_status":"closed","template":"","meta":{"footnotes":""},"class_list":["post-834","page","type-page","status-publish","hentry"],"acf":[],"yoast_head":"<!-- This site is optimized with the Yoast SEO plugin v19.9 - https:\/\/yoast.com\/wordpress\/plugins\/seo\/ -->\n<title>Aviso legal - Tesa Cork<\/title>\n<meta name=\"robots\" content=\"index, follow, max-snippet:-1, max-image-preview:large, max-video-preview:-1\" \/>\n<link rel=\"canonical\" href=\"https:\/\/tesa-cork.com\/aviso-legal\/\" \/>\n<meta property=\"og:locale\" content=\"es_ES\" \/>\n<meta property=\"og:type\" content=\"article\" \/>\n<meta property=\"og:title\" content=\"Aviso legal - Tesa Cork\" \/>\n<meta property=\"og:description\" content=\"En cumplimiento del deber de informaci\u00f3n contemplado en el art\u00edculo 10 de la Ley 34\/2002, de 11 de julio, de servicios de la sociedad de la informaci\u00f3n y de comercio electr\u00f3nico, se informa de los datos identificativos de la p\u00e1gina web tesa-cork.com y de las condiciones generales que regulan su acceso y uso general por [&hellip;]\" \/>\n<meta property=\"og:url\" content=\"https:\/\/tesa-cork.com\/aviso-legal\/\" \/>\n<meta property=\"og:site_name\" content=\"Tesa Cork\" \/>\n<meta property=\"article:modified_time\" content=\"2021-11-22T11:30:49+00:00\" \/>\n<meta name=\"twitter:card\" content=\"summary_large_image\" \/>\n<meta name=\"twitter:label1\" content=\"Tiempo de lectura\" \/>\n\t<meta name=\"twitter:data1\" content=\"4 minutos\" \/>\n<script type=\"application\/ld+json\" class=\"yoast-schema-graph\">{\"@context\":\"https:\/\/schema.org\",\"@graph\":[{\"@type\":\"WebPage\",\"@id\":\"https:\/\/tesa-cork.com\/aviso-legal\/\",\"url\":\"https:\/\/tesa-cork.com\/aviso-legal\/\",\"name\":\"Aviso legal - Tesa Cork\",\"isPartOf\":{\"@id\":\"https:\/\/tesa-cork.com\/#website\"},\"datePublished\":\"2021-11-22T11:30:46+00:00\",\"dateModified\":\"2021-11-22T11:30:49+00:00\",\"breadcrumb\":{\"@id\":\"https:\/\/tesa-cork.com\/aviso-legal\/#breadcrumb\"},\"inLanguage\":\"es\",\"potentialAction\":[{\"@type\":\"ReadAction\",\"target\":[\"https:\/\/tesa-cork.com\/aviso-legal\/\"]}]},{\"@type\":\"BreadcrumbList\",\"@id\":\"https:\/\/tesa-cork.com\/aviso-legal\/#breadcrumb\",\"itemListElement\":[{\"@type\":\"ListItem\",\"position\":1,\"name\":\"Portada\",\"item\":\"https:\/\/tesa-cork.com\/es\/\"},{\"@type\":\"ListItem\",\"position\":2,\"name\":\"Aviso legal\"}]},{\"@type\":\"WebSite\",\"@id\":\"https:\/\/tesa-cork.com\/#website\",\"url\":\"https:\/\/tesa-cork.com\/\",\"name\":\"Tesa Cork\",\"description\":\"\",\"potentialAction\":[{\"@type\":\"SearchAction\",\"target\":{\"@type\":\"EntryPoint\",\"urlTemplate\":\"https:\/\/tesa-cork.com\/?s={search_term_string}\"},\"query-input\":\"required name=search_term_string\"}],\"inLanguage\":\"es\"}]}<\/script>\n<!-- \/ Yoast SEO plugin. -->","yoast_head_json":{"title":"Aviso legal - Tesa Cork","robots":{"index":"index","follow":"follow","max-snippet":"max-snippet:-1","max-image-preview":"max-image-preview:large","max-video-preview":"max-video-preview:-1"},"canonical":"https:\/\/tesa-cork.com\/aviso-legal\/","og_locale":"es_ES","og_type":"article","og_title":"Aviso legal - Tesa Cork","og_description":"En cumplimiento del deber de informaci\u00f3n contemplado en el art\u00edculo 10 de la Ley 34\/2002, de 11 de julio, de servicios de la sociedad de la informaci\u00f3n y de comercio electr\u00f3nico, se informa de los datos identificativos de la p\u00e1gina web tesa-cork.com y de las condiciones generales que regulan su acceso y uso general por [&hellip;]","og_url":"https:\/\/tesa-cork.com\/aviso-legal\/","og_site_name":"Tesa Cork","article_modified_time":"2021-11-22T11:30:49+00:00","twitter_card":"summary_large_image","twitter_misc":{"Tiempo de lectura":"4 minutos"},"schema":{"@context":"https:\/\/schema.org","@graph":[{"@type":"WebPage","@id":"https:\/\/tesa-cork.com\/aviso-legal\/","url":"https:\/\/tesa-cork.com\/aviso-legal\/","name":"Aviso legal - Tesa Cork","isPartOf":{"@id":"https:\/\/tesa-cork.com\/#website"},"datePublished":"2021-11-22T11:30:46+00:00","dateModified":"2021-11-22T11:30:49+00:00","breadcrumb":{"@id":"https:\/\/tesa-cork.com\/aviso-legal\/#breadcrumb"},"inLanguage":"es","potentialAction":[{"@type":"ReadAction","target":["https:\/\/tesa-cork.com\/aviso-legal\/"]}]},{"@type":"BreadcrumbList","@id":"https:\/\/tesa-cork.com\/aviso-legal\/#breadcrumb","itemListElement":[{"@type":"ListItem","position":1,"name":"Portada","item":"https:\/\/tesa-cork.com\/es\/"},{"@type":"ListItem","position":2,"name":"Aviso legal"}]},{"@type":"WebSite","@id":"https:\/\/tesa-cork.com\/#website","url":"https:\/\/tesa-cork.com\/","name":"Tesa Cork","description":"","potentialAction":[{"@type":"SearchAction","target":{"@type":"EntryPoint","urlTemplate":"https:\/\/tesa-cork.com\/?s={search_term_string}"},"query-input":"required name=search_term_string"}],"inLanguage":"es"}]}},"_links":{"self":[{"href":"https:\/\/tesa-cork.com\/es\/wp-json\/wp\/v2\/pages\/834","targetHints":{"allow":["GET"]}}],"collection":[{"href":"https:\/\/tesa-cork.com\/es\/wp-json\/wp\/v2\/pages"}],"about":[{"href":"https:\/\/tesa-cork.com\/es\/wp-json\/wp\/v2\/types\/page"}],"author":[{"embeddable":true,"href":"https:\/\/tesa-cork.com\/es\/wp-json\/wp\/v2\/users\/1"}],"replies":[{"embeddable":true,"href":"https:\/\/tesa-cork.com\/es\/wp-json\/wp\/v2\/comments?post=834"}],"version-history":[{"count":2,"href":"https:\/\/tesa-cork.com\/es\/wp-json\/wp\/v2\/pages\/834\/revisions"}],"predecessor-version":[{"id":836,"href":"https:\/\/tesa-cork.com\/es\/wp-json\/wp\/v2\/pages\/834\/revisions\/836"}],"wp:attachment":[{"href":"https:\/\/tesa-cork.com\/es\/wp-json\/wp\/v2\/media?parent=834"}],"curies":[{"name":"wp","href":"https:\/\/api.w.org\/{rel}","templated":true}]}}