{"id":837,"date":"2021-11-22T11:32:21","date_gmt":"2021-11-22T11:32:21","guid":{"rendered":"http:\/\/tesa-cork.com\/?page_id=837"},"modified":"2022-02-17T12:07:05","modified_gmt":"2022-02-17T12:07:05","slug":"politica-de-privacidad","status":"publish","type":"page","link":"https:\/\/tesa-cork.com\/es\/politica-de-privacidad\/","title":{"rendered":"Pol\u00edtica de privacidad"},"content":{"rendered":"\n<p>Por la presente, se informa a los usuarios de la web tesa-cork.com de la pol\u00edtica de protecci\u00f3n de datos personales establecida por la empresa con la finalidad de que los usuarios puedan decidir de manera expresa, libre y voluntaria facilitar a TAPONES Y ESPECIALIDADES DEL CORCHO, S.A los datos personales que se les pudieran solicitar durante su visita a la p\u00e1gina web mediante una solicitud de informaci\u00f3n o contratando sus productos.<\/p>\n\n\n\n<p>La empresa ha puesto en marcha las medidas de seguridad t\u00e9cnicas y organizativas necesarias para garantizar la confidencialidad y la integridad de los datos de car\u00e1cter personal que trata la empresa y que se facilitan a trav\u00e9s de esta web.<\/p>\n\n\n\n<p>En este sentido, el responsable del tratamiento cumple con todas las disposiciones y normativas del Reglamento UE 2016\/679 relativo a la protecci\u00f3n de las personas f\u00edsicas en lo que respecta al tratamiento de datos personales y a la libre circulaci\u00f3n de estos datos y de la Ley Org\u00e1nica 3\/2018, de 5 de diciembre, de Protecci\u00f3n de Datos Personales y garant\u00eda de los derechos digitales, y manifiesta que el tratamiento de los datos personales de los que es responsable se efect\u00faa de manera l\u00edcita, transparente y adecuada en relaci\u00f3n con las finalidades informadas, y que se recogen leg\u00edtimamente.<\/p>\n\n\n\n<p><strong><strong>Responsable del tratamiento de sus datos personales<\/strong><\/strong><\/p>\n\n\n\n<p>Raz\u00f3n social: TAPONES Y ESPECIALIDADES DEL CORCHO, SA<\/p>\n\n\n\n<p>NIF: A 17004805<\/p>\n\n\n\n<p>Domicilio: C\/ Del Gas, 20 17200- Palafrugell<\/p>\n\n\n\n<p>Tel.: 972306026<\/p>\n\n\n\n<p>Correo electr\u00f3nico: <a href=\"mailto:info@tesa-cork.com\">info@tesa-cork.com<\/a><\/p>\n\n\n\n<p><strong><strong>Utilizaci\u00f3n de sus datos personales y legitimizaci\u00f3n del tratamiento<\/strong><\/strong><\/p>\n\n\n\n<p>Los usuarios de la p\u00e1gina web no est\u00e1n obligados a facilitar ning\u00fan dato personal para visitar la web y acceder a su contenido.&nbsp;<\/p>\n\n\n\n<p>No obstante, si durante la navegaci\u00f3n se le solicitan datos personales mediante un formulario, rellenar este ser\u00e1 totalmente voluntario. Los datos recogidos servir\u00e1n \u00fanica y exclusivamente para atender y responder a la solicitud, ya sea para fines informativos, o para tramitar y gestionar las ventas de nuestros productos como nuevo cliente de la empresa.<\/p>\n\n\n\n<p>Al facilitarnos sus datos personales nos autoriza a crear una cuenta de cliente para tramitar el env\u00edo de los pedidos y a que podamos enviarle comunicaciones por correo postal u electr\u00f3nico relacionadas con la ejecuci\u00f3n del contrato.<\/p>\n\n\n\n<p>La base jur\u00eddica para el tratamiento de estos datos personales con el objetivo de tramitar la obra contratada es el art\u00edculo 6, apartado 1, letra b del Reglamento General de Protecci\u00f3n de Datos.<\/p>\n\n\n\n<p>En ning\u00fan caso trataremos sus datos personales para otras finalidades que las indicadas en el momento de la recogida sin su consentimiento expreso y previo como, en este caso, el env\u00edo de comunicaciones comerciales publicitarias.<\/p>\n\n\n\n<p><strong><strong>Conservaci\u00f3n de sus datos personales<\/strong><\/strong><\/p>\n\n\n\n<p>En cumplimiento de los plazos previstos en las disposiciones legales aplicables, los datos personales que nos ceda se conservar\u00e1n durante un periodo m\u00ednimo de cinco a\u00f1os una vez finalizadas las relaciones comerciales.<\/p>\n\n\n\n<p>En cualquier caso, eliminaremos sus datos personales cuando dejen de ser necesarios o pertinentes para las finalidades para las que se recogieron o cuando dejen de ser necesarios para satisfacer posibles responsabilidades derivadas del tratamiento.<\/p>\n\n\n\n<p><br><strong><strong>Comunicaci\u00f3n y\/o cesi\u00f3n de sus datos<\/strong><\/strong><\/p>\n\n\n\n<p>Le informamos de que no cederemos sus datos a terceros excepto a proveedores de servicios de nuestra empresa (empresas de log\u00edstica, proveedores de servicios de pago, empresas de mantenimiento de los equipos inform\u00e1ticos, etc.) o a menos que nos obligue una disposici\u00f3n legal.<\/p>\n\n\n\n<p>Las bases jur\u00eddicas para transmitir esta informaci\u00f3n son el art\u00edculo 6, apartado 1, letra b y el art\u00edculo 6, apartado 1, letra f del RGPD.<\/p>\n\n\n\n<p><strong><strong>Ejercicio de sus derechos<\/strong><\/strong><\/p>\n\n\n\n<p>Tiene derecho, en cualquier momento, a solicitar una confirmaci\u00f3n a la empresa de que est\u00e1 tratando sus datos personales, para qu\u00e9 finalidades y con qu\u00e9 legitimidad. En concreto, ser\u00e1 posible solicitarnos la siguiente informaci\u00f3n:<\/p>\n\n\n\n<p><strong><strong>ACCESO A SUS DATOS<\/strong><\/strong>: podr\u00e1 consultar los datos personales incluidos en nuestros archivos y conocer la finalidad del tratamiento, las categor\u00edas de datos que se tratan, los destinatarios o categor\u00edas de destinatarios a los que se han comunicado o se comunicar\u00e1n los datos, el plazo previsto para conservar los datos o los criterios utilizados para fijarlo, el origen de los datos o si los datos son objeto de transferencias internacionales.<\/p>\n\n\n\n<p><strong><strong>RECTIFICACI\u00d3N DE SUS DATOS<\/strong><\/strong>: puede modificar sus datos personales si son inexactos.<\/p>\n\n\n\n<p><strong><strong>SUPRESI\u00d3N DE SUS DATOS<\/strong><\/strong>: tiene derecho a solicitar que se eliminen sus datos personales cuando considere que estos ya no son necesarios a juzgar por las finalidades para las que se recogieron, en caso de que haya retirado el consentimiento para el tratamiento de sus datos, de que haya existido una oposici\u00f3n al tratamiento, de que se hayan tratado de manera il\u00edcita o de que los datos se tengan que eliminar para cumplir con una obligaci\u00f3n.<\/p>\n\n\n\n<p><strong><strong>PORTABILIDAD DE SUS DATOS<\/strong><\/strong>: asimismo, podr\u00e1 solicitar recibir electr\u00f3nicamente todos los datos personales que nos haya facilitado en un formato estructurado, de uso com\u00fan y de lectura mec\u00e1nica.&nbsp;<\/p>\n\n\n\n<p><strong>OPOSICI\u00d3N AL TRATAMIENTO DE SUS DATOS<\/strong>: puede indicar que no se traten sus datos personales.&nbsp;<\/p>\n\n\n\n<p><strong><strong>LIMITACI\u00d3N DEL TRATAMIENTO<\/strong><\/strong>: est\u00e1 en su derecho de solicitar cambios en el tratamiento de sus datos personales cuando se impugne la exactitud de estos, el tratamiento sea il\u00edcito y se solicite la limitaci\u00f3n en lugar de la supresi\u00f3n de los datos o el tratamiento de datos personales ya no resulte necesario para las finalidades para las que se recogieron.<\/p>\n\n\n\n<p>Si desea ejercer sus derechos, puede enviar su solicitud por correo electr\u00f3nico a: <strong>info@tesa-cork.com<\/strong> o correo postal: <strong>C\/ Del Gas, 20, CP 17200, Palafrugell<\/strong>.<\/p>\n","protected":false},"excerpt":{"rendered":"<p>Por la presente, se informa a los usuarios de la web tesa-cork.com de la pol\u00edtica de protecci\u00f3n de datos personales establecida por la empresa con la finalidad de que los usuarios puedan decidir de manera expresa, libre y voluntaria facilitar a TAPONES Y ESPECIALIDADES DEL CORCHO, S.A los datos personales que se les pudieran solicitar [&hellip;]<\/p>\n","protected":false},"author":1,"featured_media":0,"parent":0,"menu_order":0,"comment_status":"closed","ping_status":"closed","template":"","meta":{"footnotes":""},"class_list":["post-837","page","type-page","status-publish","hentry"],"acf":[],"yoast_head":"<!-- This site is optimized with the Yoast SEO plugin v19.9 - https:\/\/yoast.com\/wordpress\/plugins\/seo\/ -->\n<title>Pol\u00edtica de privacidad | TESA<\/title>\n<meta name=\"description\" content=\"P\u00e0gina TESA sobre lnuestra pol\u00edtica de privacidad.\" \/>\n<meta name=\"robots\" content=\"index, follow, max-snippet:-1, max-image-preview:large, max-video-preview:-1\" \/>\n<link rel=\"canonical\" href=\"https:\/\/tesa-cork.com\/politica-de-privacidad\/\" \/>\n<meta property=\"og:locale\" content=\"es_ES\" \/>\n<meta property=\"og:type\" content=\"article\" \/>\n<meta property=\"og:title\" content=\"Pol\u00edtica de privacidad | TESA\" \/>\n<meta property=\"og:description\" content=\"P\u00e0gina TESA sobre lnuestra pol\u00edtica de privacidad.\" \/>\n<meta property=\"og:url\" content=\"https:\/\/tesa-cork.com\/politica-de-privacidad\/\" \/>\n<meta property=\"og:site_name\" content=\"Tesa Cork\" \/>\n<meta property=\"article:modified_time\" content=\"2022-02-17T12:07:05+00:00\" \/>\n<meta name=\"twitter:card\" content=\"summary_large_image\" \/>\n<meta name=\"twitter:label1\" content=\"Tiempo de lectura\" \/>\n\t<meta name=\"twitter:data1\" content=\"4 minutos\" \/>\n<script type=\"application\/ld+json\" class=\"yoast-schema-graph\">{\"@context\":\"https:\/\/schema.org\",\"@graph\":[{\"@type\":\"WebPage\",\"@id\":\"https:\/\/tesa-cork.com\/politica-de-privacidad\/\",\"url\":\"https:\/\/tesa-cork.com\/politica-de-privacidad\/\",\"name\":\"Pol\u00edtica de privacidad | TESA\",\"isPartOf\":{\"@id\":\"https:\/\/tesa-cork.com\/#website\"},\"datePublished\":\"2021-11-22T11:32:21+00:00\",\"dateModified\":\"2022-02-17T12:07:05+00:00\",\"description\":\"P\u00e0gina TESA sobre lnuestra pol\u00edtica de privacidad.\",\"breadcrumb\":{\"@id\":\"https:\/\/tesa-cork.com\/politica-de-privacidad\/#breadcrumb\"},\"inLanguage\":\"es\",\"potentialAction\":[{\"@type\":\"ReadAction\",\"target\":[\"https:\/\/tesa-cork.com\/politica-de-privacidad\/\"]}]},{\"@type\":\"BreadcrumbList\",\"@id\":\"https:\/\/tesa-cork.com\/politica-de-privacidad\/#breadcrumb\",\"itemListElement\":[{\"@type\":\"ListItem\",\"position\":1,\"name\":\"Portada\",\"item\":\"https:\/\/tesa-cork.com\/es\/\"},{\"@type\":\"ListItem\",\"position\":2,\"name\":\"Pol\u00edtica de privacidad\"}]},{\"@type\":\"WebSite\",\"@id\":\"https:\/\/tesa-cork.com\/#website\",\"url\":\"https:\/\/tesa-cork.com\/\",\"name\":\"Tesa Cork\",\"description\":\"\",\"potentialAction\":[{\"@type\":\"SearchAction\",\"target\":{\"@type\":\"EntryPoint\",\"urlTemplate\":\"https:\/\/tesa-cork.com\/?s={search_term_string}\"},\"query-input\":\"required name=search_term_string\"}],\"inLanguage\":\"es\"}]}<\/script>\n<!-- \/ Yoast SEO plugin. -->","yoast_head_json":{"title":"Pol\u00edtica de privacidad | TESA","description":"P\u00e0gina TESA sobre lnuestra pol\u00edtica de privacidad.","robots":{"index":"index","follow":"follow","max-snippet":"max-snippet:-1","max-image-preview":"max-image-preview:large","max-video-preview":"max-video-preview:-1"},"canonical":"https:\/\/tesa-cork.com\/politica-de-privacidad\/","og_locale":"es_ES","og_type":"article","og_title":"Pol\u00edtica de privacidad | TESA","og_description":"P\u00e0gina TESA sobre lnuestra pol\u00edtica de privacidad.","og_url":"https:\/\/tesa-cork.com\/politica-de-privacidad\/","og_site_name":"Tesa Cork","article_modified_time":"2022-02-17T12:07:05+00:00","twitter_card":"summary_large_image","twitter_misc":{"Tiempo de lectura":"4 minutos"},"schema":{"@context":"https:\/\/schema.org","@graph":[{"@type":"WebPage","@id":"https:\/\/tesa-cork.com\/politica-de-privacidad\/","url":"https:\/\/tesa-cork.com\/politica-de-privacidad\/","name":"Pol\u00edtica de privacidad | TESA","isPartOf":{"@id":"https:\/\/tesa-cork.com\/#website"},"datePublished":"2021-11-22T11:32:21+00:00","dateModified":"2022-02-17T12:07:05+00:00","description":"P\u00e0gina TESA sobre lnuestra pol\u00edtica de privacidad.","breadcrumb":{"@id":"https:\/\/tesa-cork.com\/politica-de-privacidad\/#breadcrumb"},"inLanguage":"es","potentialAction":[{"@type":"ReadAction","target":["https:\/\/tesa-cork.com\/politica-de-privacidad\/"]}]},{"@type":"BreadcrumbList","@id":"https:\/\/tesa-cork.com\/politica-de-privacidad\/#breadcrumb","itemListElement":[{"@type":"ListItem","position":1,"name":"Portada","item":"https:\/\/tesa-cork.com\/es\/"},{"@type":"ListItem","position":2,"name":"Pol\u00edtica de privacidad"}]},{"@type":"WebSite","@id":"https:\/\/tesa-cork.com\/#website","url":"https:\/\/tesa-cork.com\/","name":"Tesa Cork","description":"","potentialAction":[{"@type":"SearchAction","target":{"@type":"EntryPoint","urlTemplate":"https:\/\/tesa-cork.com\/?s={search_term_string}"},"query-input":"required name=search_term_string"}],"inLanguage":"es"}]}},"_links":{"self":[{"href":"https:\/\/tesa-cork.com\/es\/wp-json\/wp\/v2\/pages\/837","targetHints":{"allow":["GET"]}}],"collection":[{"href":"https:\/\/tesa-cork.com\/es\/wp-json\/wp\/v2\/pages"}],"about":[{"href":"https:\/\/tesa-cork.com\/es\/wp-json\/wp\/v2\/types\/page"}],"author":[{"embeddable":true,"href":"https:\/\/tesa-cork.com\/es\/wp-json\/wp\/v2\/users\/1"}],"replies":[{"embeddable":true,"href":"https:\/\/tesa-cork.com\/es\/wp-json\/wp\/v2\/comments?post=837"}],"version-history":[{"count":6,"href":"https:\/\/tesa-cork.com\/es\/wp-json\/wp\/v2\/pages\/837\/revisions"}],"predecessor-version":[{"id":1724,"href":"https:\/\/tesa-cork.com\/es\/wp-json\/wp\/v2\/pages\/837\/revisions\/1724"}],"wp:attachment":[{"href":"https:\/\/tesa-cork.com\/es\/wp-json\/wp\/v2\/media?parent=837"}],"curies":[{"name":"wp","href":"https:\/\/api.w.org\/{rel}","templated":true}]}}