{"id":2502,"date":"2022-08-29T11:06:27","date_gmt":"2022-08-29T11:06:27","guid":{"rendered":"https:\/\/tesa-cork.com\/avviso-legale\/"},"modified":"2022-08-29T11:06:32","modified_gmt":"2022-08-29T11:06:32","slug":"avviso-legale","status":"publish","type":"page","link":"https:\/\/tesa-cork.com\/it\/avviso-legale\/","title":{"rendered":"Avviso legale"},"content":{"rendered":"\n<p>In ottemperanza all\u2019obbligo di informazione previsto dall\u2019articolo 10 della Legge 34\/2002, dell\u201911 luglio, in materia di servizi della societ\u00e0 dell\u2019informazione e commercio elettronico, si riportano i dati identificativi del sito web tesa-cork.com e le condizioni generali che regolano il suo accesso e l\u2019uso generale da parte degli utenti.<\/p>\n\n<p>Pertanto, l\u2019accesso e l\u2019utilizzo di questo sito web implicano necessariamente l\u2019accettazione di queste condizioni.\u00a0<\/p>\n\n<p><strong>Titolare del sito<\/strong><\/p>\n\n<p>Ragione sociale: TAPONES Y ESPECIALIDADES DEL CORCHO, SA<\/p>\n\n<p>P.IVA: A 17004805<\/p>\n\n<p>Indirizzo: C\/ Del Gas, 20 17200- Palafrugell<\/p>\n\n<p>Tel.: 972306026<\/p>\n\n<p>E-mail: <a href=\"mailto:info@tesa-cork.com\">info@tesa-cork.com<\/a><\/p>\n\n<p>Dati di registrazione: TAPONES Y ESPECIALIDADES DEL CORCHO, SA \u00e8 una societ\u00e0 commerciale costituita a tempo indeterminato con atto pubblico del 10 gennaio 1958, iscritta al Registro delle imprese di Gerona, volume 88, pagina 162, foglio numero GI 1594.<\/p>\n\n<p><strong>Condizioni d\u2019uso<\/strong><\/p>\n\n<p>Questo sito web \u00e8 stato creato e progettato per pubblicizzare l\u2019azienda e i suoi prodotti.\u00a0<\/p>\n\n<p>TAPONES Y ESPECIALIDADES DEL CORCHO, SA non garantisce che tutti i contenuti e le informazioni sul sito web siano aggiornati e accessibili in qualsiasi momento. TAPONES Y ESPECIALIDADES DEL CORCHO, SA si riserva il diritto di modificare il contenuto del sito web o di eliminarlo e di interrompere temporaneamente o permanentemente il servizio senza preavviso.\u00a0<\/p>\n\n<p>L\u2019utente si impegna a utilizzare il sito web e i suoi contenuti in modo corretto e lecito e a rispettare in ogni momento le condizioni esposte.\u00a0<\/p>\n\n<p>TAPONES Y ESPECIALIDADES DEL CORCHO, SA si riserva il diritto di ritenere responsabile qualsiasi persona fisica e\/o giuridica per il mancato rispetto delle condizioni generali di accesso al sito web.\u00a0<\/p>\n\n<p><strong>Propriet\u00e0 intellettuale<\/strong><\/p>\n\n<p>Tutti i contenuti, la grafica, le immagini, i video, i marchi, i segni distintivi, le informazioni, ecc. che compongono questo sito sono di propriet\u00e0 di TAPONES Y ESPECIALIDADES DEL CORCHO, SA. Per questo motivo, l\u2019uso o la riproduzione di questi contenuti da parte di qualsiasi utente del web che non disponga di un\u2019espressa autorizzazione da TAPONES Y ESPECIALIDADES DEL CORCHO, SA \u00e8 espressamente vietato.<\/p>\n\n<p><strong>Informativa sulla privacy<\/strong><\/p>\n\n<p>Questa azienda ha applicato le misure di sicurezza tecniche e organizzative necessarie per garantire la riservatezza e l\u2019integrit\u00e0 dei dati personali trattati e forniti attraverso questo sito web nel rispetto delle disposizioni e delle normative del Regolamento UE 2016\/679 in materia di protezione delle persone fisiche con riguardo al trattamento dei dati personali e alla libera circolazione di tali dati e alla Legge Organica 3\/2018, del 5 dicembre, sulla protezione dei dati personali e la garanzia dei diritti digitali.<\/p>\n\n<p>Gli utenti non sono tenuti a fornire alcun dato personale per visitare il sito web e per accedere ai contenuti.\u00a0<\/p>\n\n<p>Tuttavia, i dati personali che potranno essere richiesti di volta in volta in qualsiasi forma per chiedere informazioni saranno inseriti in un file di cui l\u2019azienda sar\u00e0 responsabile purch\u00e9 l\u2019utente abbia espresso il proprio consenso esplicito e inequivocabile. In ogni caso, tali dati saranno trattati solo per evadere la richiesta avanzata dall\u2019utente, per mantenere il rapporto eventualmente instaurato e per la gestione informativa e amministrativa di tale contrattazione.\u00a0<\/p>\n\n<p>Questa pagina pu\u00f2 contenere <em>cookie<\/em> propri o di terze parti per migliorare l\u2019esperienza di navigazione che, in ogni caso, rispetteranno la privacy.\u00a0<\/p>\n\n<p>L\u2019utente della pagina ha il diritto di esercitare in ogni momento i propri diritti di accesso, rettifica, limitazione di trattamento, cancellazione, portabilit\u00e0 e opposizione al trattamento dei propri dati personali che trattiamo nella nostra azienda, nonch\u00e9 di revocare il consenso per il trattamento dei dati. Per fare ci\u00f2, puoi inviare una richiesta via e-mail a: <a href=\"mailto:info@tesa-cork.com\">info@tesa-cork.com<\/a> o per posta:<strong> C\/ Del Gas, 20, CP 17200, Palafrugell<\/strong>.<\/p>\n\n<p><strong>Risoluzione dei conflitti<\/strong><\/p>\n\n<p>I conflitti derivanti dall\u2019uso di questo sito web saranno disciplinati dalla legge statale e regionale e saranno risolti nei tribunali della citt\u00e0 di La Bisbal de l\u2019Empord\u00e0, indipendentemente dalla giurisdizione territoriale da cui viene effettuato l\u2019accesso al sito web. L\u2019utente rinuncia a qualsiasi altra giurisdizione applicabile.<\/p>\n","protected":false},"excerpt":{"rendered":"<p>In ottemperanza all\u2019obbligo di informazione previsto dall\u2019articolo 10 della Legge 34\/2002, dell\u201911 luglio, in materia di servizi della societ\u00e0 dell\u2019informazione e commercio elettronico, si riportano i dati identificativi del sito web tesa-cork.com e le condizioni generali che regolano il suo accesso e l\u2019uso generale da parte degli utenti. Pertanto, l\u2019accesso e l\u2019utilizzo di questo sito [&hellip;]<\/p>\n","protected":false},"author":1,"featured_media":0,"parent":0,"menu_order":0,"comment_status":"closed","ping_status":"closed","template":"","meta":{"footnotes":""},"class_list":["post-2502","page","type-page","status-publish","hentry"],"acf":[],"yoast_head":"<!-- This site is optimized with the Yoast SEO plugin v19.9 - https:\/\/yoast.com\/wordpress\/plugins\/seo\/ -->\n<title>Avviso legale - Tesa Cork<\/title>\n<meta name=\"robots\" content=\"index, follow, max-snippet:-1, max-image-preview:large, max-video-preview:-1\" \/>\n<link rel=\"canonical\" href=\"https:\/\/tesa-cork.com\/it\/avviso-legale\/\" \/>\n<meta property=\"og:locale\" content=\"it_IT\" \/>\n<meta property=\"og:type\" content=\"article\" \/>\n<meta property=\"og:title\" content=\"Avviso legale - Tesa Cork\" \/>\n<meta property=\"og:description\" content=\"In ottemperanza all\u2019obbligo di informazione previsto dall\u2019articolo 10 della Legge 34\/2002, dell\u201911 luglio, in materia di servizi della societ\u00e0 dell\u2019informazione e commercio elettronico, si riportano i dati identificativi del sito web tesa-cork.com e le condizioni generali che regolano il suo accesso e l\u2019uso generale da parte degli utenti. Pertanto, l\u2019accesso e l\u2019utilizzo di questo sito [&hellip;]\" \/>\n<meta property=\"og:url\" content=\"https:\/\/tesa-cork.com\/it\/avviso-legale\/\" \/>\n<meta property=\"og:site_name\" content=\"Tesa Cork\" \/>\n<meta property=\"article:modified_time\" content=\"2022-08-29T11:06:32+00:00\" \/>\n<meta name=\"twitter:card\" content=\"summary_large_image\" \/>\n<meta name=\"twitter:label1\" content=\"Tempo di lettura stimato\" \/>\n\t<meta name=\"twitter:data1\" content=\"3 minuti\" \/>\n<script type=\"application\/ld+json\" class=\"yoast-schema-graph\">{\"@context\":\"https:\/\/schema.org\",\"@graph\":[{\"@type\":\"WebPage\",\"@id\":\"https:\/\/tesa-cork.com\/it\/avviso-legale\/\",\"url\":\"https:\/\/tesa-cork.com\/it\/avviso-legale\/\",\"name\":\"Avviso legale - Tesa Cork\",\"isPartOf\":{\"@id\":\"https:\/\/tesa-cork.com\/#website\"},\"datePublished\":\"2022-08-29T11:06:27+00:00\",\"dateModified\":\"2022-08-29T11:06:32+00:00\",\"breadcrumb\":{\"@id\":\"https:\/\/tesa-cork.com\/it\/avviso-legale\/#breadcrumb\"},\"inLanguage\":\"it-IT\",\"potentialAction\":[{\"@type\":\"ReadAction\",\"target\":[\"https:\/\/tesa-cork.com\/it\/avviso-legale\/\"]}]},{\"@type\":\"BreadcrumbList\",\"@id\":\"https:\/\/tesa-cork.com\/it\/avviso-legale\/#breadcrumb\",\"itemListElement\":[{\"@type\":\"ListItem\",\"position\":1,\"name\":\"Portada\",\"item\":\"https:\/\/tesa-cork.com\/it\/\"},{\"@type\":\"ListItem\",\"position\":2,\"name\":\"Avviso legale\"}]},{\"@type\":\"WebSite\",\"@id\":\"https:\/\/tesa-cork.com\/#website\",\"url\":\"https:\/\/tesa-cork.com\/\",\"name\":\"Tesa Cork\",\"description\":\"\",\"potentialAction\":[{\"@type\":\"SearchAction\",\"target\":{\"@type\":\"EntryPoint\",\"urlTemplate\":\"https:\/\/tesa-cork.com\/?s={search_term_string}\"},\"query-input\":\"required name=search_term_string\"}],\"inLanguage\":\"it-IT\"}]}<\/script>\n<!-- \/ Yoast SEO plugin. -->","yoast_head_json":{"title":"Avviso legale - Tesa Cork","robots":{"index":"index","follow":"follow","max-snippet":"max-snippet:-1","max-image-preview":"max-image-preview:large","max-video-preview":"max-video-preview:-1"},"canonical":"https:\/\/tesa-cork.com\/it\/avviso-legale\/","og_locale":"it_IT","og_type":"article","og_title":"Avviso legale - Tesa Cork","og_description":"In ottemperanza all\u2019obbligo di informazione previsto dall\u2019articolo 10 della Legge 34\/2002, dell\u201911 luglio, in materia di servizi della societ\u00e0 dell\u2019informazione e commercio elettronico, si riportano i dati identificativi del sito web tesa-cork.com e le condizioni generali che regolano il suo accesso e l\u2019uso generale da parte degli utenti. Pertanto, l\u2019accesso e l\u2019utilizzo di questo sito [&hellip;]","og_url":"https:\/\/tesa-cork.com\/it\/avviso-legale\/","og_site_name":"Tesa Cork","article_modified_time":"2022-08-29T11:06:32+00:00","twitter_card":"summary_large_image","twitter_misc":{"Tempo di lettura stimato":"3 minuti"},"schema":{"@context":"https:\/\/schema.org","@graph":[{"@type":"WebPage","@id":"https:\/\/tesa-cork.com\/it\/avviso-legale\/","url":"https:\/\/tesa-cork.com\/it\/avviso-legale\/","name":"Avviso legale - Tesa Cork","isPartOf":{"@id":"https:\/\/tesa-cork.com\/#website"},"datePublished":"2022-08-29T11:06:27+00:00","dateModified":"2022-08-29T11:06:32+00:00","breadcrumb":{"@id":"https:\/\/tesa-cork.com\/it\/avviso-legale\/#breadcrumb"},"inLanguage":"it-IT","potentialAction":[{"@type":"ReadAction","target":["https:\/\/tesa-cork.com\/it\/avviso-legale\/"]}]},{"@type":"BreadcrumbList","@id":"https:\/\/tesa-cork.com\/it\/avviso-legale\/#breadcrumb","itemListElement":[{"@type":"ListItem","position":1,"name":"Portada","item":"https:\/\/tesa-cork.com\/it\/"},{"@type":"ListItem","position":2,"name":"Avviso legale"}]},{"@type":"WebSite","@id":"https:\/\/tesa-cork.com\/#website","url":"https:\/\/tesa-cork.com\/","name":"Tesa Cork","description":"","potentialAction":[{"@type":"SearchAction","target":{"@type":"EntryPoint","urlTemplate":"https:\/\/tesa-cork.com\/?s={search_term_string}"},"query-input":"required name=search_term_string"}],"inLanguage":"it-IT"}]}},"_links":{"self":[{"href":"https:\/\/tesa-cork.com\/it\/wp-json\/wp\/v2\/pages\/2502","targetHints":{"allow":["GET"]}}],"collection":[{"href":"https:\/\/tesa-cork.com\/it\/wp-json\/wp\/v2\/pages"}],"about":[{"href":"https:\/\/tesa-cork.com\/it\/wp-json\/wp\/v2\/types\/page"}],"author":[{"embeddable":true,"href":"https:\/\/tesa-cork.com\/it\/wp-json\/wp\/v2\/users\/1"}],"replies":[{"embeddable":true,"href":"https:\/\/tesa-cork.com\/it\/wp-json\/wp\/v2\/comments?post=2502"}],"version-history":[{"count":1,"href":"https:\/\/tesa-cork.com\/it\/wp-json\/wp\/v2\/pages\/2502\/revisions"}],"predecessor-version":[{"id":2503,"href":"https:\/\/tesa-cork.com\/it\/wp-json\/wp\/v2\/pages\/2502\/revisions\/2503"}],"wp:attachment":[{"href":"https:\/\/tesa-cork.com\/it\/wp-json\/wp\/v2\/media?parent=2502"}],"curies":[{"name":"wp","href":"https:\/\/api.w.org\/{rel}","templated":true}]}}