{"id":2504,"date":"2022-08-29T11:06:28","date_gmt":"2022-08-29T11:06:28","guid":{"rendered":"https:\/\/tesa-cork.com\/informativa-sulla-privacy\/"},"modified":"2022-08-29T11:06:32","modified_gmt":"2022-08-29T11:06:32","slug":"informativa-sulla-privacy","status":"publish","type":"page","link":"https:\/\/tesa-cork.com\/it\/informativa-sulla-privacy\/","title":{"rendered":"Informativa sulla privacy"},"content":{"rendered":"\n<p>Con la presente, si informano gli utenti del sito web tesa-cork.com relativamente alla politica sulla protezione dei dati personali stabilita dall\u2019azienda in modo che gli utenti possano decidere espressamente, liberamente e volontariamente di fornire a TAPONES Y ESPECIALIDADES DEL CORCHO, S.A i dati personali che potrebbero essere richiesti durante la visita al sito web attraverso una richiesta di informazioni o acquistando i suoi prodotti.<\/p>\n\n<p>L\u2019azienda ha adottato le misure di sicurezza tecniche e organizzative necessarie per garantire la riservatezza e l\u2019integrit\u00e0 dei dati personali trattati dall\u2019azienda e forniti attraverso questo sito web.<\/p>\n\n<p>A tale riguardo, il responsabile del trattamento rispetta tutte le disposizioni e le normative del Regolamento UE 2016\/679 in materia di protezione delle persone fisiche con riguardo al trattamento dei dati personali e alla libera circolazione di tali dati e alla Legge Organica 3\/2018, del 5 dicembre, sulla protezione dei dati personali e la garanzia dei diritti digitali, e conferma che il trattamento dei dati personali dei quali \u00e8 responsabile avviene in modo lecito, trasparente e adeguato per quanto riguarda le finalit\u00e0 riportate, e che vengono raccolti in modo legittimo.<\/p>\n\n<p><strong><strong>Responsabile del trattamento dei dati personali<\/strong><\/strong><\/p>\n\n<p>Ragione sociale: TAPONES Y ESPECIALIDADES DEL CORCHO, SA<\/p>\n\n<p>P.IVA: A 17004805<\/p>\n\n<p>Indirizzo: C\/ Del Gas, 20 17200- Palafrugell<\/p>\n\n<p>Tel.: 972306026<\/p>\n\n<p>E-mail: <a href=\"mailto:info@tesa-cork.com\">info@tesa-cork.com<\/a><\/p>\n\n<p><strong><strong>Utilizzo dei dati personali e liceit\u00e0 del trattamento<\/strong><\/strong><\/p>\n\n<p>Gli utenti del sito web non sono tenuti a fornire alcun dato personale per visitarlo e per accedere ai relativi contenuti.\u00a0<\/p>\n\n<p>Tuttavia, se durante la navigazione vengono richiesti dati personali tramite un modulo, la compilazione sar\u00e0 del tutto facoltativa. I dati raccolti serviranno solo ed esclusivamente a soddisfare e rispondere alla richiesta, sia a scopo informativo, o a elaborare e gestire la vendita dei nostri prodotti come nuovo cliente dell\u2019azienda.<\/p>\n\n<p>Fornendoci i tuoi dati personali, ci autorizzi a creare un account cliente per elaborare la spedizione degli ordini e per inviarti comunicazioni per posta o e-mail relative all\u2019esecuzione del contratto.<\/p>\n\n<p>La base giuridica per il trattamento di questi dati personali al fine di elaborare il lavoro richiesto \u00e8 l\u2019articolo 6, paragrafo 1, lettera b del Regolamento generale sulla protezione dei dati.<\/p>\n\n<p>In nessun caso tratteremo i tuoi dati personali per finalit\u00e0 diverse da quelle indicate al momento della raccolta senza il tuo espresso e preventivo consenso come, in questo caso, l\u2019invio di comunicazioni pubblicitarie commerciali.<\/p>\n\n<p><strong><strong>Conservazione dei dati personali<\/strong><\/strong><\/p>\n\n<p>Nel rispetto dei termini previsti dalle disposizioni di legge applicabili, i dati personali che ci fornirai saranno conservati per un periodo minimo di cinque anni una volta cessati i rapporti commerciali.<\/p>\n\n<p>In ogni caso cancelleremo i tuoi dati personali quando non saranno pi\u00f9 necessari o pertinenti rispetto alle finalit\u00e0 per le quali sono stati raccolti o quando non saranno pi\u00f9 necessari per adempiere a eventuali responsabilit\u00e0 derivanti dal trattamento.<\/p>\n\n<p><br\/><strong><strong>Comunicazione e\/o cessione dei dati<\/strong><\/strong><\/p>\n\n<p>Ti informiamo che non trasferiremo i tuoi dati a terzi se non a fornitori di servizi della nostra azienda (societ\u00e0 logistiche, fornitori di servizi di pagamento, societ\u00e0 di manutenzione di apparecchiature informatiche, ecc.) o salvo laddove sia richiesto da una disposizione di legge.<\/p>\n\n<p>Le basi giuridiche per la trasmissione di tali informazioni sono l\u2019articolo 6, comma 1, lettera b e l\u2019articolo 6, comma 1, lettera f del RGPD.<\/p>\n\n<p><strong><strong>Esercizio dei tuoi diritti<\/strong><\/strong><\/p>\n\n<p>Hai il diritto, in qualunque momento, di chiedere conferma all\u2019azienda che sta trattando i tuoi dati personali, per quali finalit\u00e0 e con quale liceit\u00e0. Nello specifico sar\u00e0 possibile richiedere le seguenti informazioni:<\/p>\n\n<p><strong><strong>ACCESSO AI TUOI DATI<\/strong><\/strong>: puoi consultare i dati personali inseriti nei nostri file e conoscere le finalit\u00e0 del trattamento, le categorie di dati che vengono trattati, i destinatari o le categorie di destinatari ai quali i dati sono stati comunicati o saranno comunicati, il termine previsto per la conservazione dei dati o i criteri utilizzati per stabilirli, l\u2019origine dei dati o se i dati sono oggetto di trasferimenti internazionali.<\/p>\n\n<p><strong><strong>RETTIFICA DEI TUOI DATI<\/strong><\/strong>: puoi modificare i tuoi dati personali qualora siano inesatti.<\/p>\n\n<p><strong><strong>CANCELLAZIONE DEI TUOI DATI<\/strong><\/strong>: hai il diritto di chiedere la cancellazione dei tuoi dati personali quando ritieni che non siano pi\u00f9 necessari, a giudicare dalle finalit\u00e0 per le quali sono stati raccolti, nel caso in cui tu abbia revocato il consenso al trattamento dei tuoi dati, in cui vi sia stata opposizione al trattamento, in cui siano stati trattati illecitamente o in cui i dati debbano essere cancellati per adempiere a un obbligo.<\/p>\n\n<p><strong><strong>PORTABILIT\u00c0 DEI DATI<\/strong><\/strong>: allo stesso modo, puoi richiedere di ricevere elettronicamente tutti i dati personali che ci hai fornito in un formato strutturato, di uso comune e leggibile da un dispositivo automatico.\u00a0<\/p>\n\n<p><strong>OPPOSIZIONE AL TRATTAMENTO DEI DATI<\/strong>: puoi chiedere che i tuoi dati personali non siano oggetto di trattamento.\u00a0<\/p>\n\n<p><strong><strong>LIMITAZIONE DEL TRATTAMENTO<\/strong><\/strong>: hai il diritto di richiedere la modifica del trattamento dei tuoi dati personali laddove ne sia contestata l\u2019esattezza, il trattamento sia illecito e sia richiesta la limitazione in luogo della cancellazione dei dati o il trattamento dei dati personali non sia pi\u00f9 necessario agli scopi per i quali sono stati raccolti.<\/p>\n\n<p>Se desideri esercitare i tuoi diritti, puoi inviare una richiesta via e-mail a: <strong>info@tesa-cork.com<\/strong> o per posta: <strong>C\/ Del Gas, 20, CP 17200, Palafrugell<\/strong>.<\/p>\n","protected":false},"excerpt":{"rendered":"<p>Con la presente, si informano gli utenti del sito web tesa-cork.com relativamente alla politica sulla protezione dei dati personali stabilita dall\u2019azienda in modo che gli utenti possano decidere espressamente, liberamente e volontariamente di fornire a TAPONES Y ESPECIALIDADES DEL CORCHO, S.A i dati personali che potrebbero essere richiesti durante la visita al sito web attraverso [&hellip;]<\/p>\n","protected":false},"author":1,"featured_media":0,"parent":0,"menu_order":0,"comment_status":"closed","ping_status":"closed","template":"","meta":{"footnotes":""},"class_list":["post-2504","page","type-page","status-publish","hentry"],"acf":[],"yoast_head":"<!-- This site is optimized with the Yoast SEO plugin v19.9 - https:\/\/yoast.com\/wordpress\/plugins\/seo\/ -->\n<title>Informativa sulla privacy | TESA<\/title>\n<meta name=\"description\" content=\"Pagina TESA sulla nostra informativa sulla privacy.\" \/>\n<meta name=\"robots\" content=\"index, follow, max-snippet:-1, max-image-preview:large, max-video-preview:-1\" \/>\n<link rel=\"canonical\" href=\"https:\/\/tesa-cork.com\/it\/informativa-sulla-privacy\/\" \/>\n<meta property=\"og:locale\" content=\"it_IT\" \/>\n<meta property=\"og:type\" content=\"article\" \/>\n<meta property=\"og:title\" content=\"Informativa sulla privacy | TESA\" \/>\n<meta property=\"og:description\" content=\"Pagina TESA sulla nostra informativa sulla privacy.\" \/>\n<meta property=\"og:url\" content=\"https:\/\/tesa-cork.com\/it\/informativa-sulla-privacy\/\" \/>\n<meta property=\"og:site_name\" content=\"Tesa Cork\" \/>\n<meta property=\"article:modified_time\" content=\"2022-08-29T11:06:32+00:00\" \/>\n<meta name=\"twitter:card\" content=\"summary_large_image\" \/>\n<meta name=\"twitter:label1\" content=\"Tempo di lettura stimato\" \/>\n\t<meta name=\"twitter:data1\" content=\"4 minuti\" \/>\n<script type=\"application\/ld+json\" class=\"yoast-schema-graph\">{\"@context\":\"https:\/\/schema.org\",\"@graph\":[{\"@type\":\"WebPage\",\"@id\":\"https:\/\/tesa-cork.com\/it\/informativa-sulla-privacy\/\",\"url\":\"https:\/\/tesa-cork.com\/it\/informativa-sulla-privacy\/\",\"name\":\"Informativa sulla privacy | TESA\",\"isPartOf\":{\"@id\":\"https:\/\/tesa-cork.com\/#website\"},\"datePublished\":\"2022-08-29T11:06:28+00:00\",\"dateModified\":\"2022-08-29T11:06:32+00:00\",\"description\":\"Pagina TESA sulla nostra informativa sulla privacy.\",\"breadcrumb\":{\"@id\":\"https:\/\/tesa-cork.com\/it\/informativa-sulla-privacy\/#breadcrumb\"},\"inLanguage\":\"it-IT\",\"potentialAction\":[{\"@type\":\"ReadAction\",\"target\":[\"https:\/\/tesa-cork.com\/it\/informativa-sulla-privacy\/\"]}]},{\"@type\":\"BreadcrumbList\",\"@id\":\"https:\/\/tesa-cork.com\/it\/informativa-sulla-privacy\/#breadcrumb\",\"itemListElement\":[{\"@type\":\"ListItem\",\"position\":1,\"name\":\"Portada\",\"item\":\"https:\/\/tesa-cork.com\/it\/\"},{\"@type\":\"ListItem\",\"position\":2,\"name\":\"Informativa sulla privacy\"}]},{\"@type\":\"WebSite\",\"@id\":\"https:\/\/tesa-cork.com\/#website\",\"url\":\"https:\/\/tesa-cork.com\/\",\"name\":\"Tesa Cork\",\"description\":\"\",\"potentialAction\":[{\"@type\":\"SearchAction\",\"target\":{\"@type\":\"EntryPoint\",\"urlTemplate\":\"https:\/\/tesa-cork.com\/?s={search_term_string}\"},\"query-input\":\"required name=search_term_string\"}],\"inLanguage\":\"it-IT\"}]}<\/script>\n<!-- \/ Yoast SEO plugin. -->","yoast_head_json":{"title":"Informativa sulla privacy | TESA","description":"Pagina TESA sulla nostra informativa sulla privacy.","robots":{"index":"index","follow":"follow","max-snippet":"max-snippet:-1","max-image-preview":"max-image-preview:large","max-video-preview":"max-video-preview:-1"},"canonical":"https:\/\/tesa-cork.com\/it\/informativa-sulla-privacy\/","og_locale":"it_IT","og_type":"article","og_title":"Informativa sulla privacy | TESA","og_description":"Pagina TESA sulla nostra informativa sulla privacy.","og_url":"https:\/\/tesa-cork.com\/it\/informativa-sulla-privacy\/","og_site_name":"Tesa Cork","article_modified_time":"2022-08-29T11:06:32+00:00","twitter_card":"summary_large_image","twitter_misc":{"Tempo di lettura stimato":"4 minuti"},"schema":{"@context":"https:\/\/schema.org","@graph":[{"@type":"WebPage","@id":"https:\/\/tesa-cork.com\/it\/informativa-sulla-privacy\/","url":"https:\/\/tesa-cork.com\/it\/informativa-sulla-privacy\/","name":"Informativa sulla privacy | TESA","isPartOf":{"@id":"https:\/\/tesa-cork.com\/#website"},"datePublished":"2022-08-29T11:06:28+00:00","dateModified":"2022-08-29T11:06:32+00:00","description":"Pagina TESA sulla nostra informativa sulla privacy.","breadcrumb":{"@id":"https:\/\/tesa-cork.com\/it\/informativa-sulla-privacy\/#breadcrumb"},"inLanguage":"it-IT","potentialAction":[{"@type":"ReadAction","target":["https:\/\/tesa-cork.com\/it\/informativa-sulla-privacy\/"]}]},{"@type":"BreadcrumbList","@id":"https:\/\/tesa-cork.com\/it\/informativa-sulla-privacy\/#breadcrumb","itemListElement":[{"@type":"ListItem","position":1,"name":"Portada","item":"https:\/\/tesa-cork.com\/it\/"},{"@type":"ListItem","position":2,"name":"Informativa sulla privacy"}]},{"@type":"WebSite","@id":"https:\/\/tesa-cork.com\/#website","url":"https:\/\/tesa-cork.com\/","name":"Tesa Cork","description":"","potentialAction":[{"@type":"SearchAction","target":{"@type":"EntryPoint","urlTemplate":"https:\/\/tesa-cork.com\/?s={search_term_string}"},"query-input":"required name=search_term_string"}],"inLanguage":"it-IT"}]}},"_links":{"self":[{"href":"https:\/\/tesa-cork.com\/it\/wp-json\/wp\/v2\/pages\/2504","targetHints":{"allow":["GET"]}}],"collection":[{"href":"https:\/\/tesa-cork.com\/it\/wp-json\/wp\/v2\/pages"}],"about":[{"href":"https:\/\/tesa-cork.com\/it\/wp-json\/wp\/v2\/types\/page"}],"author":[{"embeddable":true,"href":"https:\/\/tesa-cork.com\/it\/wp-json\/wp\/v2\/users\/1"}],"replies":[{"embeddable":true,"href":"https:\/\/tesa-cork.com\/it\/wp-json\/wp\/v2\/comments?post=2504"}],"version-history":[{"count":1,"href":"https:\/\/tesa-cork.com\/it\/wp-json\/wp\/v2\/pages\/2504\/revisions"}],"predecessor-version":[{"id":2505,"href":"https:\/\/tesa-cork.com\/it\/wp-json\/wp\/v2\/pages\/2504\/revisions\/2505"}],"wp:attachment":[{"href":"https:\/\/tesa-cork.com\/it\/wp-json\/wp\/v2\/media?parent=2504"}],"curies":[{"name":"wp","href":"https:\/\/api.w.org\/{rel}","templated":true}]}}