{"id":2511,"date":"2021-09-18T09:20:10","date_gmt":"2021-09-18T09:20:10","guid":{"rendered":"https:\/\/tesa-cork.com\/download\/"},"modified":"2024-05-07T13:24:09","modified_gmt":"2024-05-07T11:24:09","slug":"download","status":"publish","type":"page","link":"https:\/\/tesa-cork.com\/it\/download\/","title":{"rendered":"Download"},"content":{"rendered":"","protected":false},"excerpt":{"rendered":"","protected":false},"author":1,"featured_media":0,"parent":0,"menu_order":0,"comment_status":"closed","ping_status":"closed","template":"descargas.php","meta":{"footnotes":""},"class_list":["post-2511","page","type-page","status-publish","hentry"],"acf":[],"yoast_head":"<!-- This site is optimized with the Yoast SEO plugin v19.9 - https:\/\/yoast.com\/wordpress\/plugins\/seo\/ -->\n<title>Descarregues | Guies sobre el suro natural i fitxes de producte<\/title>\n<meta name=\"description\" content=\"Desc\u00e0rrega gratis les nostres guies sobre el suro natural, fitxes t\u00e8cniques de producte, certificats de qualitat i altres documents d&#039;inter\u00e8s.\" \/>\n<meta name=\"robots\" content=\"index, follow, max-snippet:-1, max-image-preview:large, max-video-preview:-1\" \/>\n<link rel=\"canonical\" href=\"https:\/\/tesa-cork.com\/it\/download\/\" \/>\n<meta property=\"og:locale\" content=\"it_IT\" \/>\n<meta property=\"og:type\" content=\"article\" \/>\n<meta property=\"og:title\" content=\"Descarregues | Guies sobre el suro natural i fitxes de producte\" \/>\n<meta property=\"og:description\" content=\"Desc\u00e0rrega gratis les nostres guies sobre el suro natural, fitxes t\u00e8cniques de producte, certificats de qualitat i altres documents d&#039;inter\u00e8s.\" \/>\n<meta property=\"og:url\" content=\"https:\/\/tesa-cork.com\/it\/download\/\" \/>\n<meta property=\"og:site_name\" content=\"Tesa Cork\" \/>\n<meta property=\"article:modified_time\" content=\"2024-05-07T11:24:09+00:00\" \/>\n<meta name=\"twitter:card\" content=\"summary_large_image\" \/>\n<script type=\"application\/ld+json\" class=\"yoast-schema-graph\">{\"@context\":\"https:\/\/schema.org\",\"@graph\":[{\"@type\":\"WebPage\",\"@id\":\"https:\/\/tesa-cork.com\/it\/download\/\",\"url\":\"https:\/\/tesa-cork.com\/it\/download\/\",\"name\":\"Descarregues | Guies sobre el suro natural i fitxes de producte\",\"isPartOf\":{\"@id\":\"https:\/\/tesa-cork.com\/#website\"},\"datePublished\":\"2021-09-18T09:20:10+00:00\",\"dateModified\":\"2024-05-07T11:24:09+00:00\",\"description\":\"Desc\u00e0rrega gratis les nostres guies sobre el suro natural, fitxes t\u00e8cniques de producte, certificats de qualitat i altres documents d'inter\u00e8s.\",\"breadcrumb\":{\"@id\":\"https:\/\/tesa-cork.com\/it\/download\/#breadcrumb\"},\"inLanguage\":\"it-IT\",\"potentialAction\":[{\"@type\":\"ReadAction\",\"target\":[\"https:\/\/tesa-cork.com\/it\/download\/\"]}]},{\"@type\":\"BreadcrumbList\",\"@id\":\"https:\/\/tesa-cork.com\/it\/download\/#breadcrumb\",\"itemListElement\":[{\"@type\":\"ListItem\",\"position\":1,\"name\":\"Portada\",\"item\":\"https:\/\/tesa-cork.com\/it\/\"},{\"@type\":\"ListItem\",\"position\":2,\"name\":\"Download\"}]},{\"@type\":\"WebSite\",\"@id\":\"https:\/\/tesa-cork.com\/#website\",\"url\":\"https:\/\/tesa-cork.com\/\",\"name\":\"Tesa Cork\",\"description\":\"\",\"potentialAction\":[{\"@type\":\"SearchAction\",\"target\":{\"@type\":\"EntryPoint\",\"urlTemplate\":\"https:\/\/tesa-cork.com\/?s={search_term_string}\"},\"query-input\":\"required name=search_term_string\"}],\"inLanguage\":\"it-IT\"}]}<\/script>\n<!-- \/ Yoast SEO plugin. -->","yoast_head_json":{"title":"Descarregues | Guies sobre el suro natural i fitxes de producte","description":"Desc\u00e0rrega gratis les nostres guies sobre el suro natural, fitxes t\u00e8cniques de producte, certificats de qualitat i altres documents d'inter\u00e8s.","robots":{"index":"index","follow":"follow","max-snippet":"max-snippet:-1","max-image-preview":"max-image-preview:large","max-video-preview":"max-video-preview:-1"},"canonical":"https:\/\/tesa-cork.com\/it\/download\/","og_locale":"it_IT","og_type":"article","og_title":"Descarregues | Guies sobre el suro natural i fitxes de producte","og_description":"Desc\u00e0rrega gratis les nostres guies sobre el suro natural, fitxes t\u00e8cniques de producte, certificats de qualitat i altres documents d'inter\u00e8s.","og_url":"https:\/\/tesa-cork.com\/it\/download\/","og_site_name":"Tesa Cork","article_modified_time":"2024-05-07T11:24:09+00:00","twitter_card":"summary_large_image","schema":{"@context":"https:\/\/schema.org","@graph":[{"@type":"WebPage","@id":"https:\/\/tesa-cork.com\/it\/download\/","url":"https:\/\/tesa-cork.com\/it\/download\/","name":"Descarregues | Guies sobre el suro natural i fitxes de producte","isPartOf":{"@id":"https:\/\/tesa-cork.com\/#website"},"datePublished":"2021-09-18T09:20:10+00:00","dateModified":"2024-05-07T11:24:09+00:00","description":"Desc\u00e0rrega gratis les nostres guies sobre el suro natural, fitxes t\u00e8cniques de producte, certificats de qualitat i altres documents d'inter\u00e8s.","breadcrumb":{"@id":"https:\/\/tesa-cork.com\/it\/download\/#breadcrumb"},"inLanguage":"it-IT","potentialAction":[{"@type":"ReadAction","target":["https:\/\/tesa-cork.com\/it\/download\/"]}]},{"@type":"BreadcrumbList","@id":"https:\/\/tesa-cork.com\/it\/download\/#breadcrumb","itemListElement":[{"@type":"ListItem","position":1,"name":"Portada","item":"https:\/\/tesa-cork.com\/it\/"},{"@type":"ListItem","position":2,"name":"Download"}]},{"@type":"WebSite","@id":"https:\/\/tesa-cork.com\/#website","url":"https:\/\/tesa-cork.com\/","name":"Tesa Cork","description":"","potentialAction":[{"@type":"SearchAction","target":{"@type":"EntryPoint","urlTemplate":"https:\/\/tesa-cork.com\/?s={search_term_string}"},"query-input":"required name=search_term_string"}],"inLanguage":"it-IT"}]}},"_links":{"self":[{"href":"https:\/\/tesa-cork.com\/it\/wp-json\/wp\/v2\/pages\/2511","targetHints":{"allow":["GET"]}}],"collection":[{"href":"https:\/\/tesa-cork.com\/it\/wp-json\/wp\/v2\/pages"}],"about":[{"href":"https:\/\/tesa-cork.com\/it\/wp-json\/wp\/v2\/types\/page"}],"author":[{"embeddable":true,"href":"https:\/\/tesa-cork.com\/it\/wp-json\/wp\/v2\/users\/1"}],"replies":[{"embeddable":true,"href":"https:\/\/tesa-cork.com\/it\/wp-json\/wp\/v2\/comments?post=2511"}],"version-history":[{"count":47,"href":"https:\/\/tesa-cork.com\/it\/wp-json\/wp\/v2\/pages\/2511\/revisions"}],"predecessor-version":[{"id":3607,"href":"https:\/\/tesa-cork.com\/it\/wp-json\/wp\/v2\/pages\/2511\/revisions\/3607"}],"wp:attachment":[{"href":"https:\/\/tesa-cork.com\/it\/wp-json\/wp\/v2\/media?parent=2511"}],"curies":[{"name":"wp","href":"https:\/\/api.w.org\/{rel}","templated":true}]}}