{"id":2653,"date":"2022-09-20T17:00:29","date_gmt":"2022-09-20T17:00:29","guid":{"rendered":"https:\/\/tesa-cork.com\/metode\/"},"modified":"2022-12-02T14:58:43","modified_gmt":"2022-12-02T14:58:43","slug":"metodo","status":"publish","type":"page","link":"https:\/\/tesa-cork.com\/it\/metodo\/","title":{"rendered":"Metodo"},"content":{"rendered":"","protected":false},"excerpt":{"rendered":"","protected":false},"author":1,"featured_media":0,"parent":0,"menu_order":0,"comment_status":"closed","ping_status":"closed","template":"metodo.php","meta":{"footnotes":""},"class_list":["post-2653","page","type-page","status-publish","hentry"],"acf":[],"yoast_head":"<!-- This site is optimized with the Yoast SEO plugin v19.9 - https:\/\/yoast.com\/wordpress\/plugins\/seo\/ -->\n<title>M\u00e8tode de fabricaci\u00f3 | Controls de seguretat i qualitat<\/title>\n<meta name=\"description\" content=\"Sostenibilitat, innovaci\u00f3 i qualitat s\u00f3n les valoris que regeixen el m\u00e8tode d&#039;elaboraci\u00f3 dels nostres taps. Perqu\u00e8 la teva qualitat \u00e9s la nostra prioritat.\" \/>\n<meta name=\"robots\" content=\"index, follow, max-snippet:-1, max-image-preview:large, max-video-preview:-1\" \/>\n<link rel=\"canonical\" href=\"https:\/\/tesa-cork.com\/it\/metodo\/\" \/>\n<meta property=\"og:locale\" content=\"it_IT\" \/>\n<meta property=\"og:type\" content=\"article\" \/>\n<meta property=\"og:title\" content=\"M\u00e8tode de fabricaci\u00f3 | Controls de seguretat i qualitat\" \/>\n<meta property=\"og:description\" content=\"Sostenibilitat, innovaci\u00f3 i qualitat s\u00f3n les valoris que regeixen el m\u00e8tode d&#039;elaboraci\u00f3 dels nostres taps. Perqu\u00e8 la teva qualitat \u00e9s la nostra prioritat.\" \/>\n<meta property=\"og:url\" content=\"https:\/\/tesa-cork.com\/it\/metodo\/\" \/>\n<meta property=\"og:site_name\" content=\"Tesa Cork\" \/>\n<meta property=\"article:modified_time\" content=\"2022-12-02T14:58:43+00:00\" \/>\n<meta name=\"twitter:card\" content=\"summary_large_image\" \/>\n<script type=\"application\/ld+json\" class=\"yoast-schema-graph\">{\"@context\":\"https:\/\/schema.org\",\"@graph\":[{\"@type\":\"WebPage\",\"@id\":\"https:\/\/tesa-cork.com\/it\/metodo\/\",\"url\":\"https:\/\/tesa-cork.com\/it\/metodo\/\",\"name\":\"M\u00e8tode de fabricaci\u00f3 | Controls de seguretat i qualitat\",\"isPartOf\":{\"@id\":\"https:\/\/tesa-cork.com\/#website\"},\"datePublished\":\"2022-09-20T17:00:29+00:00\",\"dateModified\":\"2022-12-02T14:58:43+00:00\",\"description\":\"Sostenibilitat, innovaci\u00f3 i qualitat s\u00f3n les valoris que regeixen el m\u00e8tode d'elaboraci\u00f3 dels nostres taps. Perqu\u00e8 la teva qualitat \u00e9s la nostra prioritat.\",\"breadcrumb\":{\"@id\":\"https:\/\/tesa-cork.com\/it\/metodo\/#breadcrumb\"},\"inLanguage\":\"it-IT\",\"potentialAction\":[{\"@type\":\"ReadAction\",\"target\":[\"https:\/\/tesa-cork.com\/it\/metodo\/\"]}]},{\"@type\":\"BreadcrumbList\",\"@id\":\"https:\/\/tesa-cork.com\/it\/metodo\/#breadcrumb\",\"itemListElement\":[{\"@type\":\"ListItem\",\"position\":1,\"name\":\"Portada\",\"item\":\"https:\/\/tesa-cork.com\/it\/\"},{\"@type\":\"ListItem\",\"position\":2,\"name\":\"Metodo\"}]},{\"@type\":\"WebSite\",\"@id\":\"https:\/\/tesa-cork.com\/#website\",\"url\":\"https:\/\/tesa-cork.com\/\",\"name\":\"Tesa Cork\",\"description\":\"\",\"potentialAction\":[{\"@type\":\"SearchAction\",\"target\":{\"@type\":\"EntryPoint\",\"urlTemplate\":\"https:\/\/tesa-cork.com\/?s={search_term_string}\"},\"query-input\":\"required name=search_term_string\"}],\"inLanguage\":\"it-IT\"}]}<\/script>\n<!-- \/ Yoast SEO plugin. -->","yoast_head_json":{"title":"M\u00e8tode de fabricaci\u00f3 | Controls de seguretat i qualitat","description":"Sostenibilitat, innovaci\u00f3 i qualitat s\u00f3n les valoris que regeixen el m\u00e8tode d'elaboraci\u00f3 dels nostres taps. Perqu\u00e8 la teva qualitat \u00e9s la nostra prioritat.","robots":{"index":"index","follow":"follow","max-snippet":"max-snippet:-1","max-image-preview":"max-image-preview:large","max-video-preview":"max-video-preview:-1"},"canonical":"https:\/\/tesa-cork.com\/it\/metodo\/","og_locale":"it_IT","og_type":"article","og_title":"M\u00e8tode de fabricaci\u00f3 | Controls de seguretat i qualitat","og_description":"Sostenibilitat, innovaci\u00f3 i qualitat s\u00f3n les valoris que regeixen el m\u00e8tode d'elaboraci\u00f3 dels nostres taps. Perqu\u00e8 la teva qualitat \u00e9s la nostra prioritat.","og_url":"https:\/\/tesa-cork.com\/it\/metodo\/","og_site_name":"Tesa Cork","article_modified_time":"2022-12-02T14:58:43+00:00","twitter_card":"summary_large_image","schema":{"@context":"https:\/\/schema.org","@graph":[{"@type":"WebPage","@id":"https:\/\/tesa-cork.com\/it\/metodo\/","url":"https:\/\/tesa-cork.com\/it\/metodo\/","name":"M\u00e8tode de fabricaci\u00f3 | Controls de seguretat i qualitat","isPartOf":{"@id":"https:\/\/tesa-cork.com\/#website"},"datePublished":"2022-09-20T17:00:29+00:00","dateModified":"2022-12-02T14:58:43+00:00","description":"Sostenibilitat, innovaci\u00f3 i qualitat s\u00f3n les valoris que regeixen el m\u00e8tode d'elaboraci\u00f3 dels nostres taps. Perqu\u00e8 la teva qualitat \u00e9s la nostra prioritat.","breadcrumb":{"@id":"https:\/\/tesa-cork.com\/it\/metodo\/#breadcrumb"},"inLanguage":"it-IT","potentialAction":[{"@type":"ReadAction","target":["https:\/\/tesa-cork.com\/it\/metodo\/"]}]},{"@type":"BreadcrumbList","@id":"https:\/\/tesa-cork.com\/it\/metodo\/#breadcrumb","itemListElement":[{"@type":"ListItem","position":1,"name":"Portada","item":"https:\/\/tesa-cork.com\/it\/"},{"@type":"ListItem","position":2,"name":"Metodo"}]},{"@type":"WebSite","@id":"https:\/\/tesa-cork.com\/#website","url":"https:\/\/tesa-cork.com\/","name":"Tesa Cork","description":"","potentialAction":[{"@type":"SearchAction","target":{"@type":"EntryPoint","urlTemplate":"https:\/\/tesa-cork.com\/?s={search_term_string}"},"query-input":"required name=search_term_string"}],"inLanguage":"it-IT"}]}},"_links":{"self":[{"href":"https:\/\/tesa-cork.com\/it\/wp-json\/wp\/v2\/pages\/2653","targetHints":{"allow":["GET"]}}],"collection":[{"href":"https:\/\/tesa-cork.com\/it\/wp-json\/wp\/v2\/pages"}],"about":[{"href":"https:\/\/tesa-cork.com\/it\/wp-json\/wp\/v2\/types\/page"}],"author":[{"embeddable":true,"href":"https:\/\/tesa-cork.com\/it\/wp-json\/wp\/v2\/users\/1"}],"replies":[{"embeddable":true,"href":"https:\/\/tesa-cork.com\/it\/wp-json\/wp\/v2\/comments?post=2653"}],"version-history":[{"count":11,"href":"https:\/\/tesa-cork.com\/it\/wp-json\/wp\/v2\/pages\/2653\/revisions"}],"predecessor-version":[{"id":3391,"href":"https:\/\/tesa-cork.com\/it\/wp-json\/wp\/v2\/pages\/2653\/revisions\/3391"}],"wp:attachment":[{"href":"https:\/\/tesa-cork.com\/it\/wp-json\/wp\/v2\/media?parent=2653"}],"curies":[{"name":"wp","href":"https:\/\/api.w.org\/{rel}","templated":true}]}}